{"id":5089,"date":"2013-08-11T19:22:53","date_gmt":"2013-08-11T17:22:53","guid":{"rendered":"http:\/\/357nkacsig.preview.infomaniak.website\/contact\/"},"modified":"2024-07-22T11:38:02","modified_gmt":"2024-07-22T09:38:02","slug":"contact","status":"publish","type":"page","link":"https:\/\/unchicfou.com\/en\/contact\/","title":{"rendered":"Contact"},"content":{"rendered":"\n\n  <div class=\"banner has-hover\" id=\"banner-544441371\">\n          <div class=\"banner-inner fill\">\n        <div class=\"banner-bg fill\" >\n            <img loading=\"lazy\" decoding=\"async\" width=\"1020\" height=\"438\" src=\"https:\/\/unchicfou.com\/wp-content\/uploads\/2020\/11\/Ambiance4-1400x601.jpg\" class=\"bg attachment-large size-large\" alt=\"Ambiance4 scaled\" title=\"\">                                    \n                    <\/div>\n\t\t\n        <div class=\"banner-layers container\">\n            <div class=\"fill banner-link\"><\/div>            \n\n   <div id=\"text-box-1496024358\" class=\"text-box banner-layer x50 md-x50 lg-x50 y25 md-y25 lg-y25 res-text\">\n                                <div class=\"text-box-content text dark text-shadow-1\">\n              \n              <div class=\"text-inner text-center\">\n                  \n\n<h2 class=\"uppercase\">CONTACT<\/h2>\n\n              <\/div>\n           <\/div>\n                            \n<style>\n#text-box-1496024358 {\n  width: 60%;\n}\n#text-box-1496024358 .text-box-content {\n  font-size: 100%;\n}\n<\/style>\n    <\/div>\n \n   <div id=\"text-box-1146958329\" class=\"text-box banner-layer x50 md-x50 lg-x50 y95 md-y95 lg-y95 res-text\">\n                                <div class=\"text-box-content text dark\">\n              \n              <div class=\"text-inner text-center\">\n                  \n\n<h5><span style=\"color: #808080; font-size: 110%;\">WE ARE HERE FOR YOU<\/span><\/h5>\n\n              <\/div>\n           <\/div>\n                            \n<style>\n#text-box-1146958329 {\n  width: 60%;\n}\n#text-box-1146958329 .text-box-content {\n  font-size: 100%;\n}\n<\/style>\n    <\/div>\n \n\n        <\/div>\n      <\/div>\n\n            \n<style>\n#banner-544441371 {\n  padding-top: 273px;\n}\n#banner-544441371 .banner-bg img {\n  object-position: 96% 90%;\n}\n<\/style>\n  <\/div>\n\n\n<div class=\"row\"  id=\"row-1571879507\">\n\n\n\t<div id=\"col-1325519604\" class=\"col medium-6 large-6\"  >\n\t\t\t\t<div class=\"col-inner\"  >\n\t\t\t\n\t\t\t\n\n<div class=\"container section-title-container\" ><h3 class=\"section-title section-title-normal\"><b aria-hidden=\"true\"><\/b><span class=\"section-title-main\" >Frequently asked questions<\/span><b aria-hidden=\"true\"><\/b><\/h3><\/div>\n\n<p class=\"lead\"><span style=\"font-size: 80%;\">Below you will find answers to many questions. Do not hesitate to write to us if you have any further questions or call us directly at our store located at 8 Rue Verdaine, 1204 Geneva at +41.22.310.32.33&nbsp;<\/span><\/p>\n\n\t\t<\/div>\n\t\t\t\t\t<\/div>\n\n\t\n\n\t<div id=\"col-1248049794\" class=\"col medium-6 large-6\"  >\n\t\t\t\t<div class=\"col-inner\"  >\n\t\t\t\n\t\t\t\n\n<div class=\"container section-title-container\" ><h3 class=\"section-title section-title-normal\"><b aria-hidden=\"true\"><\/b><span class=\"section-title-main\" >Send us a message<\/span><b aria-hidden=\"true\"><\/b><\/h3><\/div>\n\n<div class=\"forminator-ui forminator-custom-form forminator-custom-form-31668 forminator-design--default  forminator_ajax\" data-forminator-render=\"0\" data-form=\"forminator-module-31668\" data-uid=\"69f4912b9bf2f\"><br\/><\/div><form\n\t\t\t\tid=\"forminator-module-31668\"\n\t\t\t\tclass=\"forminator-ui forminator-custom-form forminator-custom-form-31668 forminator-design--default  forminator_ajax\"\n\t\t\t\tmethod=\"post\"\n\t\t\t\tdata-forminator-render=\"0\"\n\t\t\t\tdata-form-id=\"31668\"\n\t\t\t\t data-color-option=\"default\" data-design=\"default\" data-grid=\"open\" style=\"display: none;\"\n\t\t\t\tdata-uid=\"69f4912b9bf2f\"\n\t\t\t><div role=\"alert\" aria-live=\"polite\" class=\"forminator-response-message forminator-error\" aria-hidden=\"true\"><\/div><div class=\"forminator-row\"><div id=\"name-1\" class=\"forminator-field-name forminator-col forminator-col-12 \"><div class=\"forminator-row forminator-no-margin\" data-multiple=\"true\"><div class=\"forminator-col forminator-col-md-6\"><div class=\"forminator-field\"><label for=\"forminator-field-first-name-1_69f4912b9bf2f\" id=\"forminator-field-first-name-1_69f4912b9bf2f-label\" class=\"forminator-label\">Pr\u00e9nom<\/label><input type=\"text\" name=\"name-1-first-name\" placeholder=\"Par exemple\u00a0: Jean\" id=\"forminator-field-first-name-1_69f4912b9bf2f\" class=\"forminator-input\" aria-required=\"false\" data-multi=\"1\" autocomplete=\"given-name\" value=\"\" \/><\/div><\/div><div class=\"forminator-col forminator-col-md-6\"><div class=\"forminator-field\"><label for=\"forminator-field-last-name-1_69f4912b9bf2f\" id=\"forminator-field-last-name-1_69f4912b9bf2f-label\" class=\"forminator-label\">Nom de famille<\/label><input type=\"text\" name=\"name-1-last-name\" placeholder=\"Par exemple\u00a0: Durand\" id=\"forminator-field-last-name-1_69f4912b9bf2f\" class=\"forminator-input\" aria-required=\"false\" data-multi=\"1\" autocomplete=\"family-name\" value=\"\" \/><\/div><\/div><\/div><\/div><\/div><div class=\"forminator-row\"><div id=\"email-1\" class=\"forminator-field-email forminator-col forminator-col-12 \"><div class=\"forminator-field\"><label for=\"forminator-field-email-1_69f4912b9bf2f\" id=\"forminator-field-email-1_69f4912b9bf2f-label\" class=\"forminator-label\">Adresse de messagerie <span class=\"forminator-required\">*<\/span><\/label><input type=\"email\" name=\"email-1\" value=\"\" placeholder=\"Par exemple\u00a0: jacques@martin.com\" id=\"forminator-field-email-1_69f4912b9bf2f\" class=\"forminator-input forminator-email--field\" data-required=\"true\" aria-required=\"true\" autocomplete=\"email\" \/><\/div><\/div><\/div><div class=\"forminator-row\"><div id=\"phone-1\" class=\"forminator-field-phone forminator-col forminator-col-12 \"><div class=\"forminator-field\"><label for=\"forminator-field-phone-1_69f4912b9bf2f\" id=\"forminator-field-phone-1_69f4912b9bf2f-label\" class=\"forminator-label\">Num\u00e9ro de t\u00e9l\u00e9phone<\/label><input type=\"text\" name=\"phone-1\" value=\"\" placeholder=\"Par exemple\u00a0: +1 02 03 04 05\" id=\"forminator-field-phone-1_69f4912b9bf2f\" class=\"forminator-input forminator-field--phone\" data-required=\"\" aria-required=\"false\" autocomplete=\"off\" \/><\/div><\/div><\/div><div class=\"forminator-row\"><div id=\"textarea-1\" class=\"forminator-field-textarea forminator-col forminator-col-12 \"><div class=\"forminator-field\"><label for=\"forminator-field-textarea-1_69f4912b9bf2f\" id=\"forminator-field-textarea-1_69f4912b9bf2f-label\" class=\"forminator-label\">Message<\/label><textarea name=\"textarea-1\" placeholder=\"Saisissez votre message\u2026\" id=\"forminator-field-textarea-1_69f4912b9bf2f\" class=\"forminator-textarea\" rows=\"6\" style=\"--forminator-textarea-min-height:140px;\" maxlength=\"180\" ><\/textarea><span id=\"forminator-field-textarea-1_69f4912b9bf2f-description\" class=\"forminator-description\"><span data-limit=\"180\" data-type=\"characters\" data-editor=\"\">0 \/ 180<\/span><\/span><\/div><\/div><\/div><div class=\"forminator-row\"><div id=\"captcha-1\" class=\"forminator-field-captcha forminator-col forminator-col-12 \"><div class=\"forminator-captcha-left forminator-g-recaptcha recaptcha-invisible\" data-theme=\"light\" data-badge=\"inline\" data-sitekey=\"6LdmrRUqAAAAAJraBuvuvgpdZTl1odUCahUSQtpV\" data-size=\"invisible\"><\/div> <\/div><\/div><input type=\"hidden\" name=\"referer_url\" value=\"\" \/><div class=\"forminator-row forminator-row-last\"><div class=\"forminator-col\"><div class=\"forminator-field\"><button class=\"forminator-button forminator-button-submit\">Envoyer le message<\/button><\/div><\/div><\/div><input type=\"hidden\" id=\"forminator_nonce\" name=\"forminator_nonce\" value=\"fb3ff60b06\" \/><input type=\"hidden\" name=\"_wp_http_referer\" value=\"\/en\/wp-json\/wp\/v2\/pages\/5089\" \/><input type=\"hidden\" name=\"form_id\" value=\"31668\"><input type=\"hidden\" name=\"page_id\" value=\"5089\"><input type=\"hidden\" name=\"form_type\" value=\"default\"><input type=\"hidden\" name=\"current_url\" value=\"https:\/\/unchicfou.com\/en\/contact\/\"><input type=\"hidden\" name=\"render_id\" value=\"0\"><input type=\"hidden\" name=\"action\" value=\"forminator_submit_form_custom-forms\"><\/form><\/p>\n\n\t\t<\/div>\n\t\t\t\t\t<\/div>\n\n\t\n\n<\/div>\n\n","protected":false},"excerpt":{"rendered":"","protected":false},"author":442,"featured_media":22,"parent":0,"menu_order":0,"comment_status":"closed","ping_status":"closed","template":"page-blank.php","meta":{"footnotes":""},"class_list":["post-5089","page","type-page","status-publish","has-post-thumbnail","hentry"],"_links":{"self":[{"href":"https:\/\/unchicfou.com\/en\/wp-json\/wp\/v2\/pages\/5089","targetHints":{"allow":["GET"]}}],"collection":[{"href":"https:\/\/unchicfou.com\/en\/wp-json\/wp\/v2\/pages"}],"about":[{"href":"https:\/\/unchicfou.com\/en\/wp-json\/wp\/v2\/types\/page"}],"author":[{"embeddable":true,"href":"https:\/\/unchicfou.com\/en\/wp-json\/wp\/v2\/users\/442"}],"replies":[{"embeddable":true,"href":"https:\/\/unchicfou.com\/en\/wp-json\/wp\/v2\/comments?post=5089"}],"version-history":[{"count":5,"href":"https:\/\/unchicfou.com\/en\/wp-json\/wp\/v2\/pages\/5089\/revisions"}],"predecessor-version":[{"id":31669,"href":"https:\/\/unchicfou.com\/en\/wp-json\/wp\/v2\/pages\/5089\/revisions\/31669"}],"wp:featuredmedia":[{"embeddable":true,"href":"https:\/\/unchicfou.com\/en\/wp-json\/wp\/v2\/media\/22"}],"wp:attachment":[{"href":"https:\/\/unchicfou.com\/en\/wp-json\/wp\/v2\/media?parent=5089"}],"curies":[{"name":"wp","href":"https:\/\/api.w.org\/{rel}","templated":true}]}}