{"id":5110,"date":"2016-08-04T11:15:19","date_gmt":"2016-08-04T09:15:19","guid":{"rendered":"http:\/\/357nkacsig.preview.infomaniak.website\/points-de-vente\/"},"modified":"2025-03-03T17:13:40","modified_gmt":"2025-03-03T16:13:40","slug":"our-addresses","status":"publish","type":"page","link":"https:\/\/unchicfou.com\/en\/our-addresses\/","title":{"rendered":"Our addresses"},"content":{"rendered":"\n\n  <div class=\"banner has-hover\" id=\"banner-548959573\">\n          <div class=\"banner-inner fill\">\n        <div class=\"banner-bg fill\" >\n            <img loading=\"lazy\" decoding=\"async\" width=\"1000\" height=\"659\" src=\"https:\/\/unchicfou.com\/wp-content\/uploads\/2020\/09\/cannes.jpg\" class=\"bg attachment-large size-large\" alt=\"cannes\" title=\"\">                        <div class=\"overlay\"><\/div>            \n                    <\/div>\n\t\t\n        <div class=\"banner-layers container\">\n            <div class=\"fill banner-link\"><\/div>            \n\n   <div id=\"text-box-1069275678\" class=\"text-box banner-layer x50 md-x50 lg-x50 y50 md-y50 lg-y50 res-text\">\n                                <div class=\"text-box-content text dark\">\n              \n              <div class=\"text-inner text-center\">\n                  \n\n<h3 class=\"uppercase\">NOS ADRESSES<\/h3>\n\n              <\/div>\n           <\/div>\n                            \n<style>\n#text-box-1069275678 {\n  width: 60%;\n}\n#text-box-1069275678 .text-box-content {\n  font-size: 100%;\n}\n<\/style>\n    <\/div>\n \n\n        <\/div>\n      <\/div>\n\n            \n<style>\n#banner-548959573 {\n  padding-top: 300px;\n}\n#banner-548959573 .overlay {\n  background-color: rgba(0, 0, 0, 0.17);\n}\n<\/style>\n  <\/div>\n\n\n<div class=\"row\"  id=\"row-945997121\">\n\n\n\t<div id=\"col-709169529\" class=\"col small-12 large-12\"  >\n\t\t\t\t<div class=\"col-inner\"  >\n\t\t\t\n\t\t\t\n\n<div class=\"slider-wrapper relative\" id=\"slider-587863531\" >\n    <div class=\"slider slider-nav-circle slider-nav-large slider-nav-light slider-style-normal\"\n        data-flickity-options='{\n            \"cellAlign\": \"center\",\n            \"imagesLoaded\": true,\n            \"lazyLoad\": 1,\n            \"freeScroll\": false,\n            \"wrapAround\": true,\n            \"autoPlay\": 6000,\n            \"pauseAutoPlayOnHover\" : true,\n            \"prevNextButtons\": true,\n            \"contain\" : true,\n            \"adaptiveHeight\" : true,\n            \"dragThreshold\" : 10,\n            \"percentPosition\": true,\n            \"pageDots\": true,\n            \"rightToLeft\": false,\n            \"draggable\": true,\n            \"selectedAttraction\": 0.1,\n            \"parallax\" : 0,\n            \"friction\": 0.6        }'\n        >\n        \n\n\t<div class=\"img has-hover x md-x lg-x y md-y lg-y\" id=\"image_971140401\">\n\t\t<a class=\"\" href=\"https:\/\/unchicfou.com\/actualites\/boutique-un-chic-fou\/\" >\t\t\t\t\t\t<div class=\"img-inner dark\" >\n\t\t\t<img loading=\"lazy\" decoding=\"async\" width=\"1020\" height=\"765\" src=\"https:\/\/unchicfou.com\/wp-content\/uploads\/2025\/03\/3-1067x800.jpg\" class=\"attachment-large size-large\" alt=\"\" srcset=\"https:\/\/unchicfou.com\/wp-content\/uploads\/2025\/03\/3-1067x800.jpg 1067w, https:\/\/unchicfou.com\/wp-content\/uploads\/2025\/03\/3-533x400.jpg 533w, https:\/\/unchicfou.com\/wp-content\/uploads\/2025\/03\/3-768x576.jpg 768w, https:\/\/unchicfou.com\/wp-content\/uploads\/2025\/03\/3-510x383.jpg 510w, https:\/\/unchicfou.com\/wp-content\/uploads\/2025\/03\/3.jpg 1200w\" sizes=\"auto, (max-width: 1020px) 100vw, 1020px\" title=\"\">\t\t\t\t\t\t\n\t\t\t\t\t<\/div>\n\t\t\t\t\t\t<\/a>\t\t\n<style>\n#image_971140401 {\n  width: 100%;\n}\n<\/style>\n\t<\/div>\n\t\n\n\n     <\/div>\n\n     <div class=\"loading-spin dark large centered\"><\/div>\n\n\t<\/div>\n\n\n<p class=\"lead\"><span style=\"font-size: 80%;\">Nous avons ouvert notre premi\u00e8re boutique un chic fou le 6 mai 2022. Venez d\u00e9couvrir un lieu unique et original, chic et cosy, au <a href=\"https:\/\/www.google.com\/maps\/place\/un+chic+fou\/@46.2015817,6.1502769,15z\/data=!4m5!3m4!1s0x0:0xfbdd6e6506c858f9!8m2!3d46.2015817!4d6.1502769\" target=\"_blank\" rel=\"noopener\"><strong>8 Rue Verdaine, 1204 Gen\u00e8ve<\/strong>,<\/a> en plein coeur de la vieille ville.<\/span><\/p>\n<p style=\"text-align: center;\">***<\/p>\n<p class=\"lead\"><span style=\"font-size: 80%;\">Vous trouverez aussi une s\u00e9lection de nos bijoux aupr\u00e8s de nos partenaires privil\u00e9gi\u00e9s en Suisse : Gen\u00e8ve, Z\u00fcrich et Gstaad.\u00a0<\/span><\/p>\n<div id=\"portfolio-144030005\" class=\"portfolio-element-wrapper has-filtering\">\n  \n    <div id=\"portfolio-144030005\" class=\"row large-columns-3 medium-columns- small-columns-2 row-small row-masonry\" data-packery-options='{\"itemSelector\": \".col\", \"gutter\": 0, \"presentageWidth\" : true}'>\n\n    <div class=\"col\" data-terms=\"[&quot;Suisse&quot;]\" >\n          <div class=\"col-inner\" >\n          <a href=\"https:\/\/unchicfou.com\/en\/featured_item\/b-r-creations-rapperswil-jona\/\" class=\"plain \">\n          <div class=\"portfolio-box box has-hover box-label\">\n            <div class=\"box-image\" >\n                <div class=\"image-overlay-add-50 image-blur image-cover\" style=\"padding-top:100%;\">\n                <img loading=\"lazy\" decoding=\"async\" width=\"400\" height=\"400\" src=\"https:\/\/unchicfou.com\/wp-content\/uploads\/2025\/09\/Photos-emplacement-UCF-site-2-400x400.jpg\" class=\"attachment-medium size-medium\" alt=\"\" srcset=\"https:\/\/unchicfou.com\/wp-content\/uploads\/2025\/09\/Photos-emplacement-UCF-site-2-400x400.jpg 400w, https:\/\/unchicfou.com\/wp-content\/uploads\/2025\/09\/Photos-emplacement-UCF-site-2-800x800.jpg 800w, https:\/\/unchicfou.com\/wp-content\/uploads\/2025\/09\/Photos-emplacement-UCF-site-2-280x280.jpg 280w, https:\/\/unchicfou.com\/wp-content\/uploads\/2025\/09\/Photos-emplacement-UCF-site-2-768x768.jpg 768w, https:\/\/unchicfou.com\/wp-content\/uploads\/2025\/09\/Photos-emplacement-UCF-site-2-510x510.jpg 510w, https:\/\/unchicfou.com\/wp-content\/uploads\/2025\/09\/Photos-emplacement-UCF-site-2-100x100.jpg 100w, https:\/\/unchicfou.com\/wp-content\/uploads\/2025\/09\/Photos-emplacement-UCF-site-2-50x50.jpg 50w, https:\/\/unchicfou.com\/wp-content\/uploads\/2025\/09\/Photos-emplacement-UCF-site-2.jpg 960w\" sizes=\"auto, (max-width: 400px) 100vw, 400px\" title=\"\">                                                <\/div>\n            <\/div>\n            <div class=\"box-text text-center dark\" style=\"background-color:rgb(142, 142, 142);\">\n                  <div class=\"box-text-inner\">\n                      <h6 class=\"uppercase portfolio-box-title\">B.R. Creations &#8211; Rapperswil-Jona<\/h6>\n                      <p class=\"uppercase portfolio-box-category is-xsmall op-6\">\n                        <span class=\"show-on-hover\">\n                         Suisse                        <\/span>\n                      <\/p>\n                  <\/div>\n            <\/div>\n           <\/div>\n           <\/a>\n           <\/div>\n           <\/div><div class=\"col\" data-terms=\"[&quot;Suisse&quot;]\" >\n          <div class=\"col-inner\" >\n          <a href=\"https:\/\/unchicfou.com\/en\/featured_item\/boutique-un-chic-fou-geneva\/\" class=\"plain \">\n          <div class=\"portfolio-box box has-hover box-label\">\n            <div class=\"box-image\" >\n                <div class=\"image-overlay-add-50 image-blur image-cover\" style=\"padding-top:100%;\">\n                                                                <\/div>\n            <\/div>\n            <div class=\"box-text text-center dark\" style=\"background-color:rgb(142, 142, 142);\">\n                  <div class=\"box-text-inner\">\n                      <h6 class=\"uppercase portfolio-box-title\">Boutique un chic fou &#8211; Geneva<\/h6>\n                      <p class=\"uppercase portfolio-box-category is-xsmall op-6\">\n                        <span class=\"show-on-hover\">\n                         Suisse                        <\/span>\n                      <\/p>\n                  <\/div>\n            <\/div>\n           <\/div>\n           <\/a>\n           <\/div>\n           <\/div><div class=\"col\" data-terms=\"[&quot;Suisse&quot;]\" >\n          <div class=\"col-inner\" >\n          <a href=\"https:\/\/unchicfou.com\/en\/featured_item\/hotel-ermitage-wellness-spa-gstaad\/\" class=\"plain \">\n          <div class=\"portfolio-box box has-hover box-label\">\n            <div class=\"box-image\" >\n                <div class=\"image-overlay-add-50 image-blur image-cover\" style=\"padding-top:100%;\">\n                <img loading=\"lazy\" decoding=\"async\" width=\"600\" height=\"400\" src=\"https:\/\/unchicfou.com\/wp-content\/uploads\/2020\/10\/271102914-600x400.jpg\" class=\"attachment-medium size-medium\" alt=\"271102914\" srcset=\"https:\/\/unchicfou.com\/wp-content\/uploads\/2020\/10\/271102914-600x400.jpg 600w, https:\/\/unchicfou.com\/wp-content\/uploads\/2020\/10\/271102914-510x340.jpg 510w, https:\/\/unchicfou.com\/wp-content\/uploads\/2020\/10\/271102914-768x512.jpg 768w, https:\/\/unchicfou.com\/wp-content\/uploads\/2020\/10\/271102914.jpg 1024w\" sizes=\"auto, (max-width: 600px) 100vw, 600px\" title=\"\">                                                <\/div>\n            <\/div>\n            <div class=\"box-text text-center dark\" style=\"background-color:rgb(142, 142, 142);\">\n                  <div class=\"box-text-inner\">\n                      <h6 class=\"uppercase portfolio-box-title\">Hotel Ermitage Wellness &amp; Spa ***** GSTAAD<\/h6>\n                      <p class=\"uppercase portfolio-box-category is-xsmall op-6\">\n                        <span class=\"show-on-hover\">\n                         Suisse                        <\/span>\n                      <\/p>\n                  <\/div>\n            <\/div>\n           <\/div>\n           <\/a>\n           <\/div>\n           <\/div><div class=\"col\" data-terms=\"[&quot;Suisse&quot;]\" >\n          <div class=\"col-inner\" >\n          <a href=\"https:\/\/unchicfou.com\/en\/featured_item\/michele-ebinger-jewels\/\" class=\"plain \">\n          <div class=\"portfolio-box box has-hover box-label\">\n            <div class=\"box-image\" >\n                <div class=\"image-overlay-add-50 image-blur image-cover\" style=\"padding-top:100%;\">\n                <img loading=\"lazy\" decoding=\"async\" width=\"601\" height=\"400\" src=\"https:\/\/unchicfou.com\/wp-content\/uploads\/2020\/11\/AF1QipNsgOS8COqCwqVbJYPwTlUSmL8e5AgInMEEEH19s1536-601x400.jpeg\" class=\"attachment-medium size-medium\" alt=\"AF1QipNsgOS8COqCwqVbJYPwTlUSmL8e5AgInMEEEH19s1536\" srcset=\"https:\/\/unchicfou.com\/wp-content\/uploads\/2020\/11\/AF1QipNsgOS8COqCwqVbJYPwTlUSmL8e5AgInMEEEH19s1536-601x400.jpeg 601w, https:\/\/unchicfou.com\/wp-content\/uploads\/2020\/11\/AF1QipNsgOS8COqCwqVbJYPwTlUSmL8e5AgInMEEEH19s1536-510x340.jpeg 510w, https:\/\/unchicfou.com\/wp-content\/uploads\/2020\/11\/AF1QipNsgOS8COqCwqVbJYPwTlUSmL8e5AgInMEEEH19s1536-768x512.jpeg 768w, https:\/\/unchicfou.com\/wp-content\/uploads\/2020\/11\/AF1QipNsgOS8COqCwqVbJYPwTlUSmL8e5AgInMEEEH19s1536-1201x800.jpeg 1201w, https:\/\/unchicfou.com\/wp-content\/uploads\/2020\/11\/AF1QipNsgOS8COqCwqVbJYPwTlUSmL8e5AgInMEEEH19s1536-100x67.jpeg 100w, https:\/\/unchicfou.com\/wp-content\/uploads\/2020\/11\/AF1QipNsgOS8COqCwqVbJYPwTlUSmL8e5AgInMEEEH19s1536.jpeg 1536w\" sizes=\"auto, (max-width: 601px) 100vw, 601px\" title=\"\">                                                <\/div>\n            <\/div>\n            <div class=\"box-text text-center dark\" style=\"background-color:rgb(142, 142, 142);\">\n                  <div class=\"box-text-inner\">\n                      <h6 class=\"uppercase portfolio-box-title\">Mich\u00e8le Ebinger Jewels Z\u00fcrich<\/h6>\n                      <p class=\"uppercase portfolio-box-category is-xsmall op-6\">\n                        <span class=\"show-on-hover\">\n                         Suisse                        <\/span>\n                      <\/p>\n                  <\/div>\n            <\/div>\n           <\/div>\n           <\/a>\n           <\/div>\n           <\/div><\/div><\/div>\n\n\n\t\t<\/div>\n\t\t\t\t\t<\/div>\n\n\t\n\n<\/div>\n\n","protected":false},"excerpt":{"rendered":"","protected":false},"author":442,"featured_media":22,"parent":0,"menu_order":0,"comment_status":"closed","ping_status":"closed","template":"page-blank.php","meta":{"footnotes":""},"class_list":["post-5110","page","type-page","status-publish","has-post-thumbnail","hentry"],"_links":{"self":[{"href":"https:\/\/unchicfou.com\/en\/wp-json\/wp\/v2\/pages\/5110","targetHints":{"allow":["GET"]}}],"collection":[{"href":"https:\/\/unchicfou.com\/en\/wp-json\/wp\/v2\/pages"}],"about":[{"href":"https:\/\/unchicfou.com\/en\/wp-json\/wp\/v2\/types\/page"}],"author":[{"embeddable":true,"href":"https:\/\/unchicfou.com\/en\/wp-json\/wp\/v2\/users\/442"}],"replies":[{"embeddable":true,"href":"https:\/\/unchicfou.com\/en\/wp-json\/wp\/v2\/comments?post=5110"}],"version-history":[{"count":3,"href":"https:\/\/unchicfou.com\/en\/wp-json\/wp\/v2\/pages\/5110\/revisions"}],"predecessor-version":[{"id":33992,"href":"https:\/\/unchicfou.com\/en\/wp-json\/wp\/v2\/pages\/5110\/revisions\/33992"}],"wp:featuredmedia":[{"embeddable":true,"href":"https:\/\/unchicfou.com\/en\/wp-json\/wp\/v2\/media\/22"}],"wp:attachment":[{"href":"https:\/\/unchicfou.com\/en\/wp-json\/wp\/v2\/media?parent=5110"}],"curies":[{"name":"wp","href":"https:\/\/api.w.org\/{rel}","templated":true}]}}