{"id":1818,"date":"2019-04-23T21:23:00","date_gmt":"2019-04-23T19:23:00","guid":{"rendered":"http:\/\/357nkacsig.preview.infomaniak.website\/?product=arthur-earring"},"modified":"2025-04-28T15:32:51","modified_gmt":"2025-04-28T13:32:51","slug":"arthur-golden-loop","status":"publish","type":"product","link":"https:\/\/unchicfou.com\/en\/produit\/arthur-golden-loop\/","title":{"rendered":"ARTHUR"},"content":{"rendered":"<ul>\n<li><b>Earring sold by the unit. Order two units if you want a pair.<\/b><\/li>\n<li>Material : brass with 18k gold plating at 5 microns.<\/li>\n<li>Inspiration : the tiny pleasures of life. A little point of minimalist elegance.<\/li>\n<li>Details : diameter 8mm, closing with push-piece.<\/li>\n<li><b>Swiss Design. Local production in the Greater Geneva area.<\/b><\/li>\n<li>The earring comes with its 100% cotton pouch.<span class=\"Apple-converted-space\">\u00a0<\/span><\/li>\n<\/ul>\n","protected":false},"excerpt":{"rendered":"<p>Gold plated earring.<\/p>\n<p><span lang=\"fr\" xml:lang=\"fr\">Like \u00ab La premi\u00e8re gorg\u00e9e de bi\u00e8re et autres plaisirs minuscules\u00a0\u00bb (\u00ab\u00a0the first sip of beer and other minuscule pleasures\u00a0\u00bb), <\/span><\/p>\n<p>A small dot, almost nothing. Minimalist simplicity.<\/p>\n","protected":false},"featured_media":15880,"template":"","meta":[],"product_brand":[],"product_cat":[95,2397],"product_tag":[375,643],"class_list":{"0":"post-1818","1":"product","2":"type-product","3":"status-publish","4":"has-post-thumbnail","6":"product_cat-earring-by-unit-mixmatch","7":"product_cat-jewellery-un-chic-fou-on-you","8":"product_tag-gold-plated-en","9":"product_tag-mini-en","11":"first","12":"instock","13":"purchasable","14":"product-type-simple"},"_links":{"self":[{"href":"https:\/\/unchicfou.com\/en\/wp-json\/wp\/v2\/product\/1818","targetHints":{"allow":["GET"]}}],"collection":[{"href":"https:\/\/unchicfou.com\/en\/wp-json\/wp\/v2\/product"}],"about":[{"href":"https:\/\/unchicfou.com\/en\/wp-json\/wp\/v2\/types\/product"}],"wp:featuredmedia":[{"embeddable":true,"href":"https:\/\/unchicfou.com\/en\/wp-json\/wp\/v2\/media\/15880"}],"wp:attachment":[{"href":"https:\/\/unchicfou.com\/en\/wp-json\/wp\/v2\/media?parent=1818"}],"wp:term":[{"taxonomy":"product_brand","embeddable":true,"href":"https:\/\/unchicfou.com\/en\/wp-json\/wp\/v2\/product_brand?post=1818"},{"taxonomy":"product_cat","embeddable":true,"href":"https:\/\/unchicfou.com\/en\/wp-json\/wp\/v2\/product_cat?post=1818"},{"taxonomy":"product_tag","embeddable":true,"href":"https:\/\/unchicfou.com\/en\/wp-json\/wp\/v2\/product_tag?post=1818"}],"curies":[{"name":"wp","href":"https:\/\/api.w.org\/{rel}","templated":true}]}}